{"id":214,"date":"2026-02-24T10:48:10","date_gmt":"2026-02-24T10:48:10","guid":{"rendered":"https:\/\/belontorrero.com\/?page_id=214"},"modified":"2026-03-04T07:32:25","modified_gmt":"2026-03-04T07:32:25","slug":"landing","status":"publish","type":"page","link":"https:\/\/belontorrero.com\/es\/","title":{"rendered":"Inicio Landing"},"content":{"rendered":"<style>.elementor-214 .elementor-element.elementor-element-e7a9ad7{--display:flex;--min-height:100vh;--flex-direction:column;--container-widget-width:calc( ( 1 - var( --container-widget-flex-grow ) ) * 100% );--container-widget-height:initial;--container-widget-flex-grow:0;--container-widget-align-self:initial;--flex-wrap-mobile:wrap;--justify-content:center;--align-items:center;}.elementor-214 .elementor-element.elementor-element-e7a9ad7:not(.elementor-motion-effects-element-type-background), .elementor-214 .elementor-element.elementor-element-e7a9ad7 > .elementor-motion-effects-container > .elementor-motion-effects-layer{background-color:#0E2841;}.elementor-214 .elementor-element.elementor-element-3790f27{--display:flex;--align-items:center;--container-widget-width:calc( ( 1 - var( --container-widget-flex-grow ) ) * 100% );}.elementor-214 .elementor-element.elementor-element-35ab5b6 img{max-width:30%;}.elementor-214 .elementor-element.elementor-element-35ab5b6 > .elementor-widget-container{margin:0px 0px 40px 0px;}.elementor-214 .elementor-element.elementor-element-ea6311b{--display:grid;--e-con-grid-template-columns:repeat(3, 1fr);--e-con-grid-template-rows:repeat(1, 1fr);--grid-auto-flow:row;--justify-items:center;}.elementor-214 .elementor-element.elementor-element-0ead422 .elementor-button{fill:#000000;color:#000000;background-color:#FFE699;}.elementor-214 .elementor-element.elementor-element-efc398f .elementor-button{fill:#000000;color:#000000;background-color:#FFE699;}.elementor-214 .elementor-element.elementor-element-f6c9183 .elementor-button{fill:#000000;color:#000000;background-color:#FFE699;}@media(max-width:1024px){.elementor-214 .elementor-element.elementor-element-ea6311b{--grid-auto-flow:row;}}@media(min-width:768px){.elementor-214 .elementor-element.elementor-element-ea6311b{--width:56%;}}@media(max-width:767px){.elementor-214 .elementor-element.elementor-element-ea6311b{--e-con-grid-template-columns:repeat(1, 1fr);--grid-auto-flow:row;}}<\/style>\t\t<div data-elementor-type=\"wp-page\" data-elementor-id=\"214\" class=\"elementor elementor-214\" data-elementor-post-type=\"page\">\n\t\t\t\t<div class=\"elementor-element elementor-element-e7a9ad7 e-con-full e-flex e-con e-parent\" data-id=\"e7a9ad7\" data-element_type=\"container\" data-e-type=\"container\" data-settings=\"{&quot;background_background&quot;:&quot;classic&quot;}\">\n\t\t<div class=\"elementor-element elementor-element-3790f27 e-flex e-con-boxed e-con e-child\" data-id=\"3790f27\" data-element_type=\"container\" data-e-type=\"container\">\n\t\t\t\t\t<div class=\"e-con-inner\">\n\t\t\t\t<div class=\"elementor-element elementor-element-35ab5b6 elementor-widget elementor-widget-image\" data-id=\"35ab5b6\" data-element_type=\"widget\" data-e-type=\"widget\" data-widget_type=\"image.default\">\n\t\t\t\t<div class=\"elementor-widget-container\">\n\t\t\t\t\t\t\t\t\t\t\t\t\t\t\t<img fetchpriority=\"high\" decoding=\"async\" width=\"514\" height=\"736\" src=\"https:\/\/belontorrero.com\/wp-content\/uploads\/2026\/02\/tb01.png\" class=\"attachment-large size-large wp-image-262\" alt=\"\" srcset=\"https:\/\/belontorrero.com\/wp-content\/uploads\/2026\/02\/tb01.png 514w, https:\/\/belontorrero.com\/wp-content\/uploads\/2026\/02\/tb01-210x300.png 210w, https:\/\/belontorrero.com\/wp-content\/uploads\/2026\/02\/tb01-8x12.png 8w\" sizes=\"(max-width: 514px) 100vw, 514px\" \/>\t\t\t\t\t\t\t\t\t\t\t\t\t\t\t<\/div>\n\t\t\t\t<\/div>\n\t\t<div class=\"elementor-element elementor-element-ea6311b e-grid e-con-full e-con e-child\" data-id=\"ea6311b\" data-element_type=\"container\" data-e-type=\"container\">\n\t\t\t\t<div class=\"elementor-element elementor-element-0ead422 elementor-align-center elementor-widget elementor-widget-button\" data-id=\"0ead422\" data-element_type=\"widget\" data-e-type=\"widget\" data-widget_type=\"button.default\">\n\t\t\t\t<div class=\"elementor-widget-container\">\n\t\t\t\t\t\t\t\t\t<div class=\"elementor-button-wrapper\">\n\t\t\t\t\t<a class=\"elementor-button elementor-button-link elementor-size-sm\" href=\"https:\/\/belontorrero.com\/es\/inicio\/\">\n\t\t\t\t\t\t<span class=\"elementor-button-content-wrapper\">\n\t\t\t\t\t\t\t\t\t<span class=\"elementor-button-text\">\ud83c\uddea\ud83c\uddf8 Espa\u00f1ol<\/span>\n\t\t\t\t\t<\/span>\n\t\t\t\t\t<\/a>\n\t\t\t\t<\/div>\n\t\t\t\t\t\t\t\t<\/div>\n\t\t\t\t<\/div>\n\t\t\t\t<div class=\"elementor-element elementor-element-efc398f elementor-align-center elementor-widget elementor-widget-button\" data-id=\"efc398f\" data-element_type=\"widget\" data-e-type=\"widget\" data-widget_type=\"button.default\">\n\t\t\t\t<div class=\"elementor-widget-container\">\n\t\t\t\t\t\t\t\t\t<div class=\"elementor-button-wrapper\">\n\t\t\t\t\t<a class=\"elementor-button elementor-button-link elementor-size-sm\" href=\"https:\/\/belontorrero.com\/en\/inicio\/\">\n\t\t\t\t\t\t<span class=\"elementor-button-content-wrapper\">\n\t\t\t\t\t\t\t\t\t<span class=\"elementor-button-text\">\ud83c\uddec\ud83c\udde7 \ud83c\uddfa\ud83c\uddf8 ENGLISH<\/span>\n\t\t\t\t\t<\/span>\n\t\t\t\t\t<\/a>\n\t\t\t\t<\/div>\n\t\t\t\t\t\t\t\t<\/div>\n\t\t\t\t<\/div>\n\t\t\t\t<div class=\"elementor-element elementor-element-f6c9183 elementor-align-center elementor-widget elementor-widget-button\" data-id=\"f6c9183\" data-element_type=\"widget\" data-e-type=\"widget\" data-widget_type=\"button.default\">\n\t\t\t\t<div class=\"elementor-widget-container\">\n\t\t\t\t\t\t\t\t\t<div class=\"elementor-button-wrapper\">\n\t\t\t\t\t<a class=\"elementor-button elementor-button-link elementor-size-sm\" href=\"https:\/\/belontorrero.com\/de\/inicio\/\">\n\t\t\t\t\t\t<span class=\"elementor-button-content-wrapper\">\n\t\t\t\t\t\t\t\t\t<span class=\"elementor-button-text\">\ud83c\udde9\ud83c\uddea\ud83c\udde8\ud83c\udded\ud83c\udde6\ud83c\uddf9 DEUTSCH<\/span>\n\t\t\t\t\t<\/span>\n\t\t\t\t\t<\/a>\n\t\t\t\t<\/div>\n\t\t\t\t\t\t\t\t<\/div>\n\t\t\t\t<\/div>\n\t\t\t\t<\/div>\n\t\t\t\t\t<\/div>\n\t\t\t\t<\/div>\n\t\t\t\t<\/div>\n\t\t\t\t<\/div>\n\t\t","protected":false},"excerpt":{"rendered":"<p>\ud83c\uddea\ud83c\uddf8 Espa\u00f1ol \ud83c\uddec\ud83c\udde7 \ud83c\uddfa\ud83c\uddf8 ENGLISH \ud83c\udde9\ud83c\uddea\ud83c\udde8\ud83c\udded\ud83c\udde6\ud83c\uddf9 DEUTSCH<\/p>\n","protected":false},"author":1,"featured_media":0,"parent":0,"menu_order":0,"comment_status":"closed","ping_status":"closed","template":"page-templates\/template-pagebuilder-full-width.php","meta":{"neve_meta_sidebar":"full-width","neve_meta_container":"","neve_meta_enable_content_width":"off","neve_meta_content_width":100,"neve_meta_title_alignment":"","neve_meta_author_avatar":"","neve_post_elements_order":"","neve_meta_disable_header":"on","neve_meta_disable_footer":"on","neve_meta_disable_title":"on","_joinchat":[],"footnotes":""},"class_list":["post-214","page","type-page","status-publish","hentry"],"yoast_head":"<!-- This site is optimized with the Yoast SEO plugin v27.4 - https:\/\/yoast.com\/product\/yoast-seo-wordpress\/ -->\n<title>Abogados Inmobiliarios Costa del Sol | Bel\u00f3n Torrero<\/title>\n<meta name=\"description\" content=\"Abogados inmobiliarios en Costa del Sol para clientes en alem\u00e1n o ingl\u00e9s. Compraventa, fiscalidad y urbanismo con seguridad. \u00a1Pide asesor\u00eda!\" \/>\n<meta name=\"robots\" content=\"index, follow, max-snippet:-1, max-image-preview:large, max-video-preview:-1\" \/>\n<link rel=\"canonical\" href=\"https:\/\/belontorrero.com\/es\/\" \/>\n<meta property=\"og:locale\" content=\"es_ES\" \/>\n<meta property=\"og:type\" content=\"article\" \/>\n<meta property=\"og:title\" content=\"Abogados Inmobiliarios Costa del Sol | Bel\u00f3n Torrero\" \/>\n<meta property=\"og:description\" content=\"Abogados inmobiliarios en Costa del Sol para clientes en alem\u00e1n o ingl\u00e9s. Compraventa, fiscalidad y urbanismo con seguridad. \u00a1Pide asesor\u00eda!\" \/>\n<meta property=\"og:url\" content=\"https:\/\/belontorrero.com\/es\/\" \/>\n<meta property=\"og:site_name\" content=\"Bel\u00f3n Torrero | Abogados Inmobiliarios en Costa del Sol\" \/>\n<meta property=\"article:modified_time\" content=\"2026-03-04T07:32:25+00:00\" \/>\n<meta property=\"og:image\" content=\"https:\/\/belontorrero.com\/wp-content\/uploads\/2026\/02\/tb01.png\" \/>\n<meta name=\"twitter:card\" content=\"summary_large_image\" \/>\n<meta name=\"twitter:label1\" content=\"Tiempo de lectura\" \/>\n\t<meta name=\"twitter:data1\" content=\"1 minuto\" \/>\n<script type=\"application\/ld+json\" class=\"yoast-schema-graph\">{\"@context\":\"https:\\\/\\\/schema.org\",\"@graph\":[{\"@type\":\"WebPage\",\"@id\":\"https:\\\/\\\/belontorrero.com\\\/\",\"url\":\"https:\\\/\\\/belontorrero.com\\\/\",\"name\":\"Abogados Inmobiliarios Costa del Sol | Bel\u00f3n Torrero\",\"isPartOf\":{\"@id\":\"https:\\\/\\\/belontorrero.com\\\/#website\"},\"primaryImageOfPage\":{\"@id\":\"https:\\\/\\\/belontorrero.com\\\/#primaryimage\"},\"image\":{\"@id\":\"https:\\\/\\\/belontorrero.com\\\/#primaryimage\"},\"thumbnailUrl\":\"https:\\\/\\\/belontorrero.com\\\/wp-content\\\/uploads\\\/2026\\\/02\\\/tb01.png\",\"datePublished\":\"2026-02-24T10:48:10+00:00\",\"dateModified\":\"2026-03-04T07:32:25+00:00\",\"description\":\"Abogados inmobiliarios en Costa del Sol para clientes en alem\u00e1n o ingl\u00e9s. Compraventa, fiscalidad y urbanismo con seguridad. \u00a1Pide asesor\u00eda!\",\"breadcrumb\":{\"@id\":\"https:\\\/\\\/belontorrero.com\\\/#breadcrumb\"},\"inLanguage\":\"es\",\"potentialAction\":[{\"@type\":\"ReadAction\",\"target\":[\"https:\\\/\\\/belontorrero.com\\\/\"]}]},{\"@type\":\"ImageObject\",\"inLanguage\":\"es\",\"@id\":\"https:\\\/\\\/belontorrero.com\\\/#primaryimage\",\"url\":\"https:\\\/\\\/belontorrero.com\\\/wp-content\\\/uploads\\\/2026\\\/02\\\/tb01.png\",\"contentUrl\":\"https:\\\/\\\/belontorrero.com\\\/wp-content\\\/uploads\\\/2026\\\/02\\\/tb01.png\"},{\"@type\":\"BreadcrumbList\",\"@id\":\"https:\\\/\\\/belontorrero.com\\\/#breadcrumb\",\"itemListElement\":[{\"@type\":\"ListItem\",\"position\":1,\"name\":\"Portada\",\"item\":\"https:\\\/\\\/belontorrero.com\\\/\"},{\"@type\":\"ListItem\",\"position\":2,\"name\":\"Inicio Landing\"}]},{\"@type\":\"WebSite\",\"@id\":\"https:\\\/\\\/belontorrero.com\\\/#website\",\"url\":\"https:\\\/\\\/belontorrero.com\\\/\",\"name\":\"Bel\u00f3n Torrero | Abogados Inmobiliarios en Costa del Sol\",\"description\":\"Asesor\u00eda legal integral en compraventa, arrendamientos y fiscalidad inmobiliaria. Especialistas en atenci\u00f3n a clientes internacionales en alem\u00e1n e ingl\u00e9s.\",\"potentialAction\":[{\"@type\":\"SearchAction\",\"target\":{\"@type\":\"EntryPoint\",\"urlTemplate\":\"https:\\\/\\\/belontorrero.com\\\/?s={search_term_string}\"},\"query-input\":{\"@type\":\"PropertyValueSpecification\",\"valueRequired\":true,\"valueName\":\"search_term_string\"}}],\"inLanguage\":\"es\"}]}<\/script>\n<!-- \/ Yoast SEO plugin. -->","yoast_head_json":{"title":"Abogados Inmobiliarios Costa del Sol | Bel\u00f3n Torrero","description":"Abogados inmobiliarios en Costa del Sol para clientes en alem\u00e1n o ingl\u00e9s. Compraventa, fiscalidad y urbanismo con seguridad. \u00a1Pide asesor\u00eda!","robots":{"index":"index","follow":"follow","max-snippet":"max-snippet:-1","max-image-preview":"max-image-preview:large","max-video-preview":"max-video-preview:-1"},"canonical":"https:\/\/belontorrero.com\/es\/","og_locale":"es_ES","og_type":"article","og_title":"Abogados Inmobiliarios Costa del Sol | Bel\u00f3n Torrero","og_description":"Abogados inmobiliarios en Costa del Sol para clientes en alem\u00e1n o ingl\u00e9s. Compraventa, fiscalidad y urbanismo con seguridad. \u00a1Pide asesor\u00eda!","og_url":"https:\/\/belontorrero.com\/es\/","og_site_name":"Bel\u00f3n Torrero | Abogados Inmobiliarios en Costa del Sol","article_modified_time":"2026-03-04T07:32:25+00:00","og_image":[{"url":"https:\/\/belontorrero.com\/wp-content\/uploads\/2026\/02\/tb01.png","type":"","width":"","height":""}],"twitter_card":"summary_large_image","twitter_misc":{"Tiempo de lectura":"1 minuto"},"schema":{"@context":"https:\/\/schema.org","@graph":[{"@type":"WebPage","@id":"https:\/\/belontorrero.com\/","url":"https:\/\/belontorrero.com\/","name":"Abogados Inmobiliarios Costa del Sol | Bel\u00f3n Torrero","isPartOf":{"@id":"https:\/\/belontorrero.com\/#website"},"primaryImageOfPage":{"@id":"https:\/\/belontorrero.com\/#primaryimage"},"image":{"@id":"https:\/\/belontorrero.com\/#primaryimage"},"thumbnailUrl":"https:\/\/belontorrero.com\/wp-content\/uploads\/2026\/02\/tb01.png","datePublished":"2026-02-24T10:48:10+00:00","dateModified":"2026-03-04T07:32:25+00:00","description":"Abogados inmobiliarios en Costa del Sol para clientes en alem\u00e1n o ingl\u00e9s. Compraventa, fiscalidad y urbanismo con seguridad. \u00a1Pide asesor\u00eda!","breadcrumb":{"@id":"https:\/\/belontorrero.com\/#breadcrumb"},"inLanguage":"es","potentialAction":[{"@type":"ReadAction","target":["https:\/\/belontorrero.com\/"]}]},{"@type":"ImageObject","inLanguage":"es","@id":"https:\/\/belontorrero.com\/#primaryimage","url":"https:\/\/belontorrero.com\/wp-content\/uploads\/2026\/02\/tb01.png","contentUrl":"https:\/\/belontorrero.com\/wp-content\/uploads\/2026\/02\/tb01.png"},{"@type":"BreadcrumbList","@id":"https:\/\/belontorrero.com\/#breadcrumb","itemListElement":[{"@type":"ListItem","position":1,"name":"Portada","item":"https:\/\/belontorrero.com\/"},{"@type":"ListItem","position":2,"name":"Inicio Landing"}]},{"@type":"WebSite","@id":"https:\/\/belontorrero.com\/#website","url":"https:\/\/belontorrero.com\/","name":"Bel\u00f3n Torrero | Abogados Inmobiliarios en Costa del Sol","description":"Asesor\u00eda legal integral en compraventa, arrendamientos y fiscalidad inmobiliaria. Especialistas en atenci\u00f3n a clientes internacionales en alem\u00e1n e ingl\u00e9s.","potentialAction":[{"@type":"SearchAction","target":{"@type":"EntryPoint","urlTemplate":"https:\/\/belontorrero.com\/?s={search_term_string}"},"query-input":{"@type":"PropertyValueSpecification","valueRequired":true,"valueName":"search_term_string"}}],"inLanguage":"es"}]}},"_links":{"self":[{"href":"https:\/\/belontorrero.com\/es\/wp-json\/wp\/v2\/pages\/214","targetHints":{"allow":["GET"]}}],"collection":[{"href":"https:\/\/belontorrero.com\/es\/wp-json\/wp\/v2\/pages"}],"about":[{"href":"https:\/\/belontorrero.com\/es\/wp-json\/wp\/v2\/types\/page"}],"author":[{"embeddable":true,"href":"https:\/\/belontorrero.com\/es\/wp-json\/wp\/v2\/users\/1"}],"replies":[{"embeddable":true,"href":"https:\/\/belontorrero.com\/es\/wp-json\/wp\/v2\/comments?post=214"}],"version-history":[{"count":18,"href":"https:\/\/belontorrero.com\/es\/wp-json\/wp\/v2\/pages\/214\/revisions"}],"predecessor-version":[{"id":323,"href":"https:\/\/belontorrero.com\/es\/wp-json\/wp\/v2\/pages\/214\/revisions\/323"}],"wp:attachment":[{"href":"https:\/\/belontorrero.com\/es\/wp-json\/wp\/v2\/media?parent=214"}],"curies":[{"name":"wp","href":"https:\/\/api.w.org\/{rel}","templated":true}]}}